{"id":6252,"date":"2021-07-29T07:24:34","date_gmt":"2021-07-29T05:24:34","guid":{"rendered":"https:\/\/www.mallorcaglobalcharter.rwdesarrollos.es\/charters\/"},"modified":"2025-05-19T08:06:37","modified_gmt":"2025-05-19T06:06:37","slug":"charters","status":"publish","type":"page","link":"https:\/\/www.mallorcaglobalcharter.rwdesarrollos.es\/de\/charters\/","title":{"rendered":"Bootsverleih auf Mallorca"},"content":{"rendered":"\t\t<div data-elementor-type=\"wp-page\" data-elementor-id=\"6252\" class=\"elementor elementor-6252 elementor-1673\" data-elementor-post-type=\"page\">\n\t\t\t\t<div class=\"elementor-element elementor-element-46ea83b e-flex e-con-boxed e-con e-parent\" data-id=\"46ea83b\" data-element_type=\"container\">\n\t\t\t\t\t<div class=\"e-con-inner\">\n\t\t\t\t<div class=\"elementor-element elementor-element-4ea7673 elementor-widget elementor-widget-text-editor\" data-id=\"4ea7673\" data-element_type=\"widget\" data-widget_type=\"text-editor.default\">\n\t\t\t\t<div class=\"elementor-widget-container\">\n\t\t\t\t\t\t\t<div class=\"elementor-element elementor-element-17d7c43 elementor-widget elementor-widget-seafarer_core_section_title\" data-id=\"17d7c43\" data-element_type=\"widget\" data-widget_type=\"seafarer_core_section_title.default\">\n<div class=\"elementor-widget-container\">\n<div class=\"qodef-shortcode qodef-m qodef-section-title qodef-alignment--center qodef--appeared\">\n<div class=\"qodef-m-content\">\n<p class=\"qodef-m-text\">Entdecke Mallorca aus einer einzigartigen Perspektive \u2013 vom Meer aus. Bei Mallorca Global Charter bieten wir dir ein unvergessliches nautisches Erlebnis mit erstklassigem Bootsverleih. W\u00e4hle zwischen Segelbooten, Katamaranen, Luxusyachten oder Motorbooten und genie\u00dfe die Freiheit, Mallorcas kristallklares Wasser komfortabel zu erkunden.\n<\/p>\n\n<\/div>\n<\/div>\n<\/div>\n<\/div>\t\t\t\t\t\t<\/div>\n\t\t\t\t<\/div>\n\t\t\t\t\t<\/div>\n\t\t\t\t<\/div>\n\t\t\t\t<section class=\"elementor-section elementor-top-section elementor-element elementor-element-fdf3ca5 elementor-section-full_width elementor-reverse-tablet elementor-reverse-mobile img-debajo-tablet elementor-section-stretched elementor-section-height-default elementor-section-height-default qodef-elementor-content-no\" data-id=\"fdf3ca5\" data-element_type=\"section\" data-settings=\"{&quot;stretch_section&quot;:&quot;section-stretched&quot;}\">\n\t\t\t\t\t\t<div class=\"elementor-container elementor-column-gap-default\">\n\t\t\t\t\t<div class=\"elementor-column elementor-col-50 elementor-top-column elementor-element elementor-element-b96ce61\" data-id=\"b96ce61\" data-element_type=\"column\" data-settings=\"{&quot;background_background&quot;:&quot;classic&quot;}\">\n\t\t\t<div class=\"elementor-widget-wrap elementor-element-populated\">\n\t\t\t\t\t\t<div class=\"elementor-element elementor-element-efbbf3f elementor-widget elementor-widget-text-editor\" data-id=\"efbbf3f\" data-element_type=\"widget\" data-widget_type=\"text-editor.default\">\n\t\t\t\t<div class=\"elementor-widget-container\">\n\t\t\t\t\t\t\t<div class=\"elementor-element elementor-element-17d7c43 elementor-widget elementor-widget-seafarer_core_section_title\" data-id=\"17d7c43\" data-element_type=\"widget\" data-widget_type=\"seafarer_core_section_title.default\">\n<div class=\"elementor-widget-container\">\n<div class=\"qodef-shortcode qodef-m qodef-section-title qodef-alignment--center qodef--appeared\">\n<div class=\"qodef-m-content\">\n<h2 class=\"qodef-m-title\">Yachtcharter auf Mallorca: Freiheit und Exklusivit\u00e4t auf See<\/h2>\n<p class=\"qodef-m-text\">Unser Yachtcharter auf Mallorca erm\u00f6glicht dir, das Mittelmeer mit maximaler Flexibilit\u00e4t zu erleben. Ob Tagesausflug, private Feier oder l\u00e4ngerer Urlaub \u2013 unser Charter passt sich deinen Bed\u00fcrfnissen an. Unsere Boote sind bestens ausgestattet und werden von professionellen Crews betreut, damit du eine sichere, komfortable und ganz pers\u00f6nliche Erfahrung genie\u00dft. Erlebe den Luxus, sorgenfrei \u00fcber das Meer zu gleiten.\n<\/p>\n\n<\/div>\n<\/div>\n<\/div>\n<\/div>\t\t\t\t\t\t<\/div>\n\t\t\t\t<\/div>\n\t\t\t\t\t<\/div>\n\t\t<\/div>\n\t\t\t\t<div class=\"elementor-column elementor-col-50 elementor-top-column elementor-element elementor-element-0c108a3\" data-id=\"0c108a3\" data-element_type=\"column\" data-settings=\"{&quot;background_background&quot;:&quot;classic&quot;,&quot;background_motion_fx_motion_fx_scrolling&quot;:&quot;yes&quot;,&quot;background_motion_fx_devices&quot;:[&quot;desktop&quot;,&quot;tablet&quot;,&quot;mobile&quot;]}\">\n\t\t\t<div class=\"elementor-widget-wrap elementor-element-populated\">\n\t\t\t\t\t\t<div class=\"elementor-element elementor-element-1b6b9c4 elementor-widget-divider--view-line elementor-widget elementor-widget-divider\" data-id=\"1b6b9c4\" data-element_type=\"widget\" data-widget_type=\"divider.default\">\n\t\t\t\t<div class=\"elementor-widget-container\">\n\t\t\t\t\t<div class=\"elementor-divider\">\n\t\t\t<span class=\"elementor-divider-separator\">\n\t\t\t\t\t\t<\/span>\n\t\t<\/div>\n\t\t\t\t<\/div>\n\t\t\t\t<\/div>\n\t\t\t\t\t<\/div>\n\t\t<\/div>\n\t\t\t\t\t<\/div>\n\t\t<\/section>\n\t\t\t\t<section class=\"elementor-section elementor-top-section elementor-element elementor-element-36a3b68 elementor-section-full_width elementor-section-stretched elementor-section-height-default elementor-section-height-default qodef-elementor-content-no\" data-id=\"36a3b68\" data-element_type=\"section\" data-settings=\"{&quot;stretch_section&quot;:&quot;section-stretched&quot;}\">\n\t\t\t\t\t\t<div class=\"elementor-container elementor-column-gap-default\">\n\t\t\t\t\t<div class=\"elementor-column elementor-col-25 elementor-top-column elementor-element elementor-element-1936acc\" data-id=\"1936acc\" data-element_type=\"column\" data-settings=\"{&quot;background_background&quot;:&quot;classic&quot;}\">\n\t\t\t<div class=\"elementor-widget-wrap elementor-element-populated\">\n\t\t\t\t\t\t<div class=\"elementor-element elementor-element-a25bbb6 elementor-widget-divider--view-line elementor-widget elementor-widget-divider\" data-id=\"a25bbb6\" data-element_type=\"widget\" data-widget_type=\"divider.default\">\n\t\t\t\t<div class=\"elementor-widget-container\">\n\t\t\t\t\t<div class=\"elementor-divider\">\n\t\t\t<span class=\"elementor-divider-separator\">\n\t\t\t\t\t\t<\/span>\n\t\t<\/div>\n\t\t\t\t<\/div>\n\t\t\t\t<\/div>\n\t\t\t\t\t<\/div>\n\t\t<\/div>\n\t\t\t\t<div class=\"elementor-column elementor-col-25 elementor-top-column elementor-element elementor-element-2c71e89\" data-id=\"2c71e89\" data-element_type=\"column\" data-settings=\"{&quot;background_background&quot;:&quot;classic&quot;}\">\n\t\t\t<div class=\"elementor-widget-wrap elementor-element-populated\">\n\t\t\t\t\t\t<div class=\"elementor-element elementor-element-31a41c0 elementor-widget elementor-widget-seafarer_core_section_title\" data-id=\"31a41c0\" data-element_type=\"widget\" data-widget_type=\"seafarer_core_section_title.default\">\n\t\t\t\t<div class=\"elementor-widget-container\">\n\t\t\t<div class=\"qodef-shortcode qodef-m  qodef-section-title qodef-alignment--left \">\n\t\t<div class=\"qodef-m-content\">\n\t\t\n\t\t\t\t\t<h3 class=\"qodef-m-title\" >\n\t\t\t\t\tKatamaran mieten auf Mallorca\t\t\t<\/h3>\n\t\t\t<p class=\"qodef-m-text\" >Suchst du nach mehr Platz und Stabilit\u00e4t? Unsere Katamarane zur Miete auf Mallorca sind die ideale Wahl. Sie bieten gro\u00dfz\u00fcgige Decksfl\u00e4chen und h\u00f6chsten Komfort \u2013 perfekt zum Ankern in einsamen Buchten oder zum Feiern mit Freunden auf offener See. Genie\u00dfe eine sichere und stabile Fahrt entlang der K\u00fcste, ganz in deinem Tempo.\n<\/p>\n\t<\/div>\n<\/div>\n\t\t<\/div>\n\t\t\t\t<\/div>\n\t\t\t\t\t<\/div>\n\t\t<\/div>\n\t\t\t\t<div class=\"elementor-column elementor-col-25 elementor-top-column elementor-element elementor-element-0f80f38\" data-id=\"0f80f38\" data-element_type=\"column\" data-settings=\"{&quot;background_background&quot;:&quot;classic&quot;}\">\n\t\t\t<div class=\"elementor-widget-wrap elementor-element-populated\">\n\t\t\t\t\t\t<div class=\"elementor-element elementor-element-f8eced7 elementor-widget-divider--view-line elementor-widget elementor-widget-divider\" data-id=\"f8eced7\" data-element_type=\"widget\" data-widget_type=\"divider.default\">\n\t\t\t\t<div class=\"elementor-widget-container\">\n\t\t\t\t\t<div class=\"elementor-divider\">\n\t\t\t<span class=\"elementor-divider-separator\">\n\t\t\t\t\t\t<\/span>\n\t\t<\/div>\n\t\t\t\t<\/div>\n\t\t\t\t<\/div>\n\t\t\t\t\t<\/div>\n\t\t<\/div>\n\t\t\t\t<div class=\"elementor-column elementor-col-25 elementor-top-column elementor-element elementor-element-f4ede22\" data-id=\"f4ede22\" data-element_type=\"column\" data-settings=\"{&quot;background_background&quot;:&quot;classic&quot;}\">\n\t\t\t<div class=\"elementor-widget-wrap elementor-element-populated\">\n\t\t\t\t\t\t<div class=\"elementor-element elementor-element-3bf8095 elementor-widget elementor-widget-seafarer_core_section_title\" data-id=\"3bf8095\" data-element_type=\"widget\" data-widget_type=\"seafarer_core_section_title.default\">\n\t\t\t\t<div class=\"elementor-widget-container\">\n\t\t\t<div class=\"qodef-shortcode qodef-m  qodef-section-title qodef-alignment--left \">\n\t\t<div class=\"qodef-m-content\">\n\t\t\n\t\t\t\t\t<h3 class=\"qodef-m-title\" >\n\t\t\t\t\tLuxusyacht mieten auf Mallorca\t\t\t<\/h3>\n\t\t\t<p class=\"qodef-m-text\" >Den h\u00f6chsten Grad an Exklusivit\u00e4t auf See erlebst du auf unseren Luxusyachten zur Miete auf Mallorca. Diese Yachten bieten F\u00fcnf-Sterne-Service an Bord, professionelle Besatzung, Premium-Ausstattung und Liebe zum Detail. Entspanne auf gro\u00dfz\u00fcgigen Decks, genie\u00dfe erstklassige Annehmlichkeiten und entdecke Mallorca auf elegante Weise. Ideal f\u00fcr besondere Anl\u00e4sse oder einfach als luxuri\u00f6se Auszeit im Mittelmeer.\n<\/p>\n\t<\/div>\n<\/div>\n\t\t<\/div>\n\t\t\t\t<\/div>\n\t\t\t\t\t<\/div>\n\t\t<\/div>\n\t\t\t\t\t<\/div>\n\t\t<\/section>\n\t\t\t\t<section class=\"elementor-section elementor-top-section elementor-element elementor-element-4e91f7f elementor-section-full_width img-debajo-tablet-section-4 elementor-section-stretched elementor-section-height-default elementor-section-height-default qodef-elementor-content-no\" data-id=\"4e91f7f\" data-element_type=\"section\" data-settings=\"{&quot;stretch_section&quot;:&quot;section-stretched&quot;}\">\n\t\t\t\t\t\t<div class=\"elementor-container elementor-column-gap-default\">\n\t\t\t\t\t<div class=\"elementor-column elementor-col-25 elementor-top-column elementor-element elementor-element-e04a42b\" data-id=\"e04a42b\" data-element_type=\"column\" data-settings=\"{&quot;background_background&quot;:&quot;classic&quot;}\">\n\t\t\t<div class=\"elementor-widget-wrap elementor-element-populated\">\n\t\t\t\t\t\t<div class=\"elementor-element elementor-element-541f5eb elementor-widget elementor-widget-seafarer_core_section_title\" data-id=\"541f5eb\" data-element_type=\"widget\" data-widget_type=\"seafarer_core_section_title.default\">\n\t\t\t\t<div class=\"elementor-widget-container\">\n\t\t\t<div class=\"qodef-shortcode qodef-m  qodef-section-title qodef-alignment--left \">\n\t\t<div class=\"qodef-m-content\">\n\t\t\n\t\t\t\t\t<h3 class=\"qodef-m-title\" >\n\t\t\t\t\tSegelboot mieten auf Mallorca\t\t\t<\/h3>\n\t\t\t<p class=\"qodef-m-text\" >Mallorcas K\u00fcste an Bord eines Segelboots zu entdecken, ist ein unvergleichliches Erlebnis. Miete ein Segelboot auf Mallorca und sp\u00fcre das echte Gef\u00fchl des Segelns. Unsere Charter-Segelboote erm\u00f6glichen dir eine ruhige und umweltfreundliche Fahrt nur vom Wind angetrieben. Mit oder ohne Skipper kannst du versteckte Buchten entdecken und mediterrane Sonnenunterg\u00e4nge vom Deck aus genie\u00dfen.<\/p>\n\t<\/div>\n<\/div>\n\t\t<\/div>\n\t\t\t\t<\/div>\n\t\t\t\t\t<\/div>\n\t\t<\/div>\n\t\t\t\t<div class=\"elementor-column elementor-col-25 elementor-top-column elementor-element elementor-element-d3b9de8\" data-id=\"d3b9de8\" data-element_type=\"column\" data-settings=\"{&quot;background_background&quot;:&quot;classic&quot;}\">\n\t\t\t<div class=\"elementor-widget-wrap elementor-element-populated\">\n\t\t\t\t\t\t<div class=\"elementor-element elementor-element-df73d0e elementor-widget-divider--view-line elementor-widget elementor-widget-divider\" data-id=\"df73d0e\" data-element_type=\"widget\" data-widget_type=\"divider.default\">\n\t\t\t\t<div class=\"elementor-widget-container\">\n\t\t\t\t\t<div class=\"elementor-divider\">\n\t\t\t<span class=\"elementor-divider-separator\">\n\t\t\t\t\t\t<\/span>\n\t\t<\/div>\n\t\t\t\t<\/div>\n\t\t\t\t<\/div>\n\t\t\t\t\t<\/div>\n\t\t<\/div>\n\t\t\t\t<div class=\"elementor-column elementor-col-25 elementor-top-column elementor-element elementor-element-c77d5dc\" data-id=\"c77d5dc\" data-element_type=\"column\" data-settings=\"{&quot;background_background&quot;:&quot;classic&quot;}\">\n\t\t\t<div class=\"elementor-widget-wrap elementor-element-populated\">\n\t\t\t\t\t\t<div class=\"elementor-element elementor-element-72e15d9 elementor-widget elementor-widget-seafarer_core_section_title\" data-id=\"72e15d9\" data-element_type=\"widget\" data-widget_type=\"seafarer_core_section_title.default\">\n\t\t\t\t<div class=\"elementor-widget-container\">\n\t\t\t<div class=\"qodef-shortcode qodef-m  qodef-section-title qodef-alignment--left \">\n\t\t<div class=\"qodef-m-content\">\n\t\t\n\t\t\t\t\t<h3 class=\"qodef-m-title\" >\n\t\t\t\t\tMotorboot mieten auf Mallorca\t\t\t<\/h3>\n\t\t\t<p class=\"qodef-m-text\" >Liebst du Geschwindigkeit und Action? Unsere Motorboote und Schnellboote zur Miete auf Mallorca sind perfekt, um in kurzer Zeit weite Strecken zur\u00fcckzulegen und versteckte Orte schnell zu erreichen. Ob f\u00fcr Wassersport oder um mehrere Buchten an einem Tag zu erkunden \u2013 mit einem Motorboot gestaltest du deine Route frei. Es gibt Optionen mit und ohne F\u00fchrerschein \u2013 stets mit h\u00f6chsten Sicherheits- und Komfortstandards.\n<\/p>\n\t<\/div>\n<\/div>\n\t\t<\/div>\n\t\t\t\t<\/div>\n\t\t\t\t\t<\/div>\n\t\t<\/div>\n\t\t\t\t<div class=\"elementor-column elementor-col-25 elementor-top-column elementor-element elementor-element-893af47\" data-id=\"893af47\" data-element_type=\"column\" data-settings=\"{&quot;background_background&quot;:&quot;classic&quot;}\">\n\t\t\t<div class=\"elementor-widget-wrap elementor-element-populated\">\n\t\t\t\t\t\t<div class=\"elementor-element elementor-element-6f3e0f0 elementor-widget-divider--view-line elementor-widget elementor-widget-divider\" data-id=\"6f3e0f0\" data-element_type=\"widget\" data-widget_type=\"divider.default\">\n\t\t\t\t<div class=\"elementor-widget-container\">\n\t\t\t\t\t<div class=\"elementor-divider\">\n\t\t\t<span class=\"elementor-divider-separator\">\n\t\t\t\t\t\t<\/span>\n\t\t<\/div>\n\t\t\t\t<\/div>\n\t\t\t\t<\/div>\n\t\t\t\t\t<\/div>\n\t\t<\/div>\n\t\t\t\t\t<\/div>\n\t\t<\/section>\n\t\t\t\t<section class=\"elementor-section elementor-top-section elementor-element elementor-element-e2bf9c3 elementor-section-full_width qodef-elementor-content-grid elementor-section-height-default elementor-section-height-default\" data-id=\"e2bf9c3\" data-element_type=\"section\">\n\t\t\t\t\t\t<div class=\"elementor-container elementor-column-gap-default\">\n\t\t\t\t\t<div class=\"elementor-column elementor-col-100 elementor-top-column elementor-element elementor-element-7668926\" data-id=\"7668926\" data-element_type=\"column\">\n\t\t\t<div class=\"elementor-widget-wrap elementor-element-populated\">\n\t\t\t\t\t\t<div class=\"elementor-element elementor-element-746ac4f elementor-widget elementor-widget-seafarer_core_section_title\" data-id=\"746ac4f\" data-element_type=\"widget\" data-widget_type=\"seafarer_core_section_title.default\">\n\t\t\t\t<div class=\"elementor-widget-container\">\n\t\t\t<div class=\"qodef-shortcode qodef-m  qodef-section-title qodef-alignment--center \">\n\t\t<div class=\"qodef-m-content\">\n\t\t\n\t\t\t\t\t<h2 class=\"qodef-m-title\" >\n\t\t\t\t\tUnsere Flotte an Mietbooten auf Mallorca\t\t\t<\/h2>\n\t\t\t<p class=\"qodef-m-text\" >Bei Mallorca Global Charter bieten wir dir eine gro\u00dfe Auswahl an erstklassigen Booten, die deinen W\u00fcnschen entsprechen. Alle unsere Schiffe befinden sich in ausgezeichnetem Zustand und sind bestens ausgestattet f\u00fcr deine Sicherheit und dein Wohlbefinden. Entdecke unsere exklusive Flotte an Segelbooten, Katamaranen, Luxusyachten und Motorbooten. Unser erfahrenes Team hilft dir gerne, das perfekte Boot zu finden \u2013 f\u00fcr ein unvergessliches Erlebnis auf dem Meer rund um Mallorca.\n<\/p>\n\t<\/div>\n<\/div>\n\t\t<\/div>\n\t\t\t\t<\/div>\n\t\t\t\t\t<\/div>\n\t\t<\/div>\n\t\t\t\t\t<\/div>\n\t\t<\/section>\n\t\t\t\t<\/div>\n\t\t","protected":false},"excerpt":{"rendered":"<p>Entdecke Mallorca aus einer einzigartigen Perspektive \u2013 vom Meer aus. Bei Mallorca Global Charter bieten wir dir ein unvergessliches nautisches Erlebnis mit erstklassigem Bootsverleih. W\u00e4hle zwischen Segelbooten, Katamaranen, Luxusyachten oder Motorbooten und genie\u00dfe die Freiheit, Mallorcas kristallklares Wasser komfortabel zu erkunden. Yachtcharter auf Mallorca: Freiheit und Exklusivit\u00e4t auf See Unser Yachtcharter auf Mallorca erm\u00f6glicht dir, [&hellip;]<\/p>\n","protected":false},"author":1,"featured_media":0,"parent":0,"menu_order":0,"comment_status":"closed","ping_status":"closed","template":"","meta":{"_acf_changed":false,"footnotes":""},"class_list":["post-6252","page","type-page","status-publish","hentry"],"acf":[],"yoast_head":"<!-- This site is optimized with the Yoast SEO plugin v24.9 - https:\/\/yoast.com\/wordpress\/plugins\/seo\/ -->\n<title>Bootsverleih auf Mallorca | Mallorca Global Charter<\/title>\n<meta name=\"description\" content=\"Erlebe Mallorca vom Meer aus mit unserem Bootsverleih und Charter-Service. Segelboote, Katamarane, Luxusyachten und Motorboote f\u00fcr dein Erlebnis.\" \/>\n<meta name=\"robots\" content=\"index, follow, max-snippet:-1, max-image-preview:large, max-video-preview:-1\" \/>\n<link rel=\"canonical\" href=\"https:\/\/www.mallorcaglobalcharter.rwdesarrollos.es\/de\/charters\/\" \/>\n<meta property=\"og:locale\" content=\"de_DE\" \/>\n<meta property=\"og:type\" content=\"article\" \/>\n<meta property=\"og:title\" content=\"Bootsverleih auf Mallorca | Mallorca Global Charter\" \/>\n<meta property=\"og:description\" content=\"Erlebe Mallorca vom Meer aus mit unserem Bootsverleih und Charter-Service. Segelboote, Katamarane, Luxusyachten und Motorboote f\u00fcr dein Erlebnis.\" \/>\n<meta property=\"og:url\" content=\"https:\/\/www.mallorcaglobalcharter.rwdesarrollos.es\/de\/charters\/\" \/>\n<meta property=\"og:site_name\" content=\"Mallorca Global Charter\" \/>\n<meta property=\"article:modified_time\" content=\"2025-05-19T06:06:37+00:00\" \/>\n<meta name=\"twitter:card\" content=\"summary_large_image\" \/>\n<meta name=\"twitter:label1\" content=\"Gesch\u00e4tzte Lesezeit\" \/>\n\t<meta name=\"twitter:data1\" content=\"3\u00a0Minuten\" \/>\n<!-- \/ Yoast SEO plugin. -->","yoast_head_json":{"title":"Bootsverleih auf Mallorca | Mallorca Global Charter","description":"Erlebe Mallorca vom Meer aus mit unserem Bootsverleih und Charter-Service. Segelboote, Katamarane, Luxusyachten und Motorboote f\u00fcr dein Erlebnis.","robots":{"index":"index","follow":"follow","max-snippet":"max-snippet:-1","max-image-preview":"max-image-preview:large","max-video-preview":"max-video-preview:-1"},"canonical":"https:\/\/www.mallorcaglobalcharter.rwdesarrollos.es\/de\/charters\/","og_locale":"de_DE","og_type":"article","og_title":"Bootsverleih auf Mallorca | Mallorca Global Charter","og_description":"Erlebe Mallorca vom Meer aus mit unserem Bootsverleih und Charter-Service. Segelboote, Katamarane, Luxusyachten und Motorboote f\u00fcr dein Erlebnis.","og_url":"https:\/\/www.mallorcaglobalcharter.rwdesarrollos.es\/de\/charters\/","og_site_name":"Mallorca Global Charter","article_modified_time":"2025-05-19T06:06:37+00:00","twitter_card":"summary_large_image","twitter_misc":{"Gesch\u00e4tzte Lesezeit":"3\u00a0Minuten"},"schema":{"@context":"https:\/\/schema.org","@graph":[{"@type":"WebPage","@id":"https:\/\/www.mallorcaglobalcharter.rwdesarrollos.es\/de\/charters\/","url":"https:\/\/www.mallorcaglobalcharter.rwdesarrollos.es\/de\/charters\/","name":"Bootsverleih auf Mallorca | Mallorca Global Charter","isPartOf":{"@id":"https:\/\/www.mallorcaglobalcharter.rwdesarrollos.es\/de\/#website"},"datePublished":"2021-07-29T05:24:34+00:00","dateModified":"2025-05-19T06:06:37+00:00","description":"Erlebe Mallorca vom Meer aus mit unserem Bootsverleih und Charter-Service. Segelboote, Katamarane, Luxusyachten und Motorboote f\u00fcr dein Erlebnis.","breadcrumb":{"@id":"https:\/\/www.mallorcaglobalcharter.rwdesarrollos.es\/de\/charters\/#breadcrumb"},"inLanguage":"de","potentialAction":[{"@type":"ReadAction","target":["https:\/\/www.mallorcaglobalcharter.rwdesarrollos.es\/de\/charters\/"]}]},{"@type":"BreadcrumbList","@id":"https:\/\/www.mallorcaglobalcharter.rwdesarrollos.es\/de\/charters\/#breadcrumb","itemListElement":[{"@type":"ListItem","position":1,"name":"Portada","item":"https:\/\/www.mallorcaglobalcharter.rwdesarrollos.es\/de\/"},{"@type":"ListItem","position":2,"name":"Bootsverleih auf Mallorca"}]},{"@type":"WebSite","@id":"https:\/\/www.mallorcaglobalcharter.rwdesarrollos.es\/de\/#website","url":"https:\/\/www.mallorcaglobalcharter.rwdesarrollos.es\/de\/","name":"Mallorca Global Charter","description":"","potentialAction":[{"@type":"SearchAction","target":{"@type":"EntryPoint","urlTemplate":"https:\/\/www.mallorcaglobalcharter.rwdesarrollos.es\/de\/?s={search_term_string}"},"query-input":{"@type":"PropertyValueSpecification","valueRequired":true,"valueName":"search_term_string"}}],"inLanguage":"de"}]}},"_links":{"self":[{"href":"https:\/\/www.mallorcaglobalcharter.rwdesarrollos.es\/de\/wp-json\/wp\/v2\/pages\/6252","targetHints":{"allow":["GET"]}}],"collection":[{"href":"https:\/\/www.mallorcaglobalcharter.rwdesarrollos.es\/de\/wp-json\/wp\/v2\/pages"}],"about":[{"href":"https:\/\/www.mallorcaglobalcharter.rwdesarrollos.es\/de\/wp-json\/wp\/v2\/types\/page"}],"author":[{"embeddable":true,"href":"https:\/\/www.mallorcaglobalcharter.rwdesarrollos.es\/de\/wp-json\/wp\/v2\/users\/1"}],"replies":[{"embeddable":true,"href":"https:\/\/www.mallorcaglobalcharter.rwdesarrollos.es\/de\/wp-json\/wp\/v2\/comments?post=6252"}],"version-history":[{"count":0,"href":"https:\/\/www.mallorcaglobalcharter.rwdesarrollos.es\/de\/wp-json\/wp\/v2\/pages\/6252\/revisions"}],"wp:attachment":[{"href":"https:\/\/www.mallorcaglobalcharter.rwdesarrollos.es\/de\/wp-json\/wp\/v2\/media?parent=6252"}],"curies":[{"name":"wp","href":"https:\/\/api.w.org\/{rel}","templated":true}]}}